{"id":1607,"date":"2025-10-01T14:21:16","date_gmt":"2025-10-01T12:21:16","guid":{"rendered":"https:\/\/www.patapom.fr\/?post_type=product&#038;p=1607"},"modified":"2025-10-01T14:47:51","modified_gmt":"2025-10-01T12:47:51","slug":"un-songe-me-traverse-80x80","status":"publish","type":"product","link":"https:\/\/www.patapom.fr\/en\/galerie-boutique\/personnages\/un-songe-me-traverse-80x80\/","title":{"rendered":"Un songe me traverse &#8211; 80&#215;80"},"content":{"rendered":"<figure id=\"attachment_1455\" aria-describedby=\"caption-attachment-1455\" style=\"width: 300px\" class=\"wp-caption alignnone\"><img fetchpriority=\"high\" decoding=\"async\" class=\"size-medium wp-image-1455\" src=\"https:\/\/www.patapom.fr\/wp-content\/uploads\/2025\/09\/Un-songe-me-traverse-VBT-300x300.jpg\" alt=\"&quot;Instant de lecture captur\u00e9 par Patricia Perrier : une silhouette en robe rose, immerg\u00e9e dans un univers de couleurs et de textures, entre douceur et \u00e9nergie cr\u00e9ative.&quot;\" width=\"300\" height=\"300\" srcset=\"https:\/\/www.patapom.fr\/wp-content\/uploads\/2025\/09\/Un-songe-me-traverse-VBT-300x300.jpg 300w, https:\/\/www.patapom.fr\/wp-content\/uploads\/2025\/09\/Un-songe-me-traverse-VBT-150x150.jpg 150w, https:\/\/www.patapom.fr\/wp-content\/uploads\/2025\/09\/Un-songe-me-traverse-VBT-768x768.jpg 768w, https:\/\/www.patapom.fr\/wp-content\/uploads\/2025\/09\/Un-songe-me-traverse-VBT-12x12.jpg 12w, https:\/\/www.patapom.fr\/wp-content\/uploads\/2025\/09\/Un-songe-me-traverse-VBT-600x600.jpg 600w, https:\/\/www.patapom.fr\/wp-content\/uploads\/2025\/09\/Un-songe-me-traverse-VBT-100x100.jpg 100w, https:\/\/www.patapom.fr\/wp-content\/uploads\/2025\/09\/Un-songe-me-traverse-VBT-50x50.jpg 50w, https:\/\/www.patapom.fr\/wp-content\/uploads\/2025\/09\/Un-songe-me-traverse-VBT.jpg 1024w\" sizes=\"(max-width: 300px) 100vw, 300px\" \/><figcaption id=\"caption-attachment-1455\" class=\"wp-caption-text\">80 x 80 &#8211; huile au couteau sur toile \u00ab\u00a0\u0153uvre originale\u00a0\u00bb de Patricia Perrier<\/figcaption><\/figure>","protected":false},"excerpt":{"rendered":"","protected":false},"featured_media":1455,"template":"","meta":{"_acf_changed":false},"product_brand":[],"product_cat":[80],"product_tag":[139],"class_list":{"0":"post-1607","1":"product","2":"type-product","3":"status-publish","4":"has-post-thumbnail","6":"product_cat-personnages","7":"product_tag-creation-2025","9":"first","10":"instock","11":"taxable","12":"shipping-taxable","13":"purchasable","14":"product-type-variable"},"acf":[],"_links":{"self":[{"href":"https:\/\/www.patapom.fr\/en\/wp-json\/wp\/v2\/product\/1607","targetHints":{"allow":["GET"]}}],"collection":[{"href":"https:\/\/www.patapom.fr\/en\/wp-json\/wp\/v2\/product"}],"about":[{"href":"https:\/\/www.patapom.fr\/en\/wp-json\/wp\/v2\/types\/product"}],"wp:featuredmedia":[{"embeddable":true,"href":"https:\/\/www.patapom.fr\/en\/wp-json\/wp\/v2\/media\/1455"}],"wp:attachment":[{"href":"https:\/\/www.patapom.fr\/en\/wp-json\/wp\/v2\/media?parent=1607"}],"wp:term":[{"taxonomy":"product_brand","embeddable":true,"href":"https:\/\/www.patapom.fr\/en\/wp-json\/wp\/v2\/product_brand?post=1607"},{"taxonomy":"product_cat","embeddable":true,"href":"https:\/\/www.patapom.fr\/en\/wp-json\/wp\/v2\/product_cat?post=1607"},{"taxonomy":"product_tag","embeddable":true,"href":"https:\/\/www.patapom.fr\/en\/wp-json\/wp\/v2\/product_tag?post=1607"}],"curies":[{"name":"wp","href":"https:\/\/api.w.org\/{rel}","templated":true}]}}