{"id":1471,"date":"2025-09-12T15:51:53","date_gmt":"2025-09-12T13:51:53","guid":{"rendered":"https:\/\/dev-wp.patapom.fr\/?post_type=product&#038;p=1471"},"modified":"2025-11-25T10:50:54","modified_gmt":"2025-11-25T09:50:54","slug":"lheure-suspendue-80x60","status":"publish","type":"product","link":"https:\/\/www.patapom.fr\/en\/galerie-boutique\/personnages\/lheure-suspendue-80x60\/","title":{"rendered":"L&rsquo;heure suspendue &#8211; 80&#215;60"},"content":{"rendered":"<figure id=\"attachment_1462\" aria-describedby=\"caption-attachment-1462\" style=\"width: 225px\" class=\"wp-caption alignnone\"><img fetchpriority=\"high\" decoding=\"async\" class=\"size-medium wp-image-1462\" src=\"https:\/\/www.patapom.fr\/wp-content\/uploads\/2025\/09\/Lheure-suspendue-.bd_-225x300.jpg\" alt=\"&quot;Peinture \u00e0 l'huile au couteau repr\u00e9sentant une femme assise de dos, v\u00eatue d'une robe rose, les cheveux attach\u00e9s en une longue tresse. L'\u0153uvre joue sur des contrastes de couleurs vives et des textures expressives, avec un arri\u00e8re-plan abstrait m\u00ealant des tons de bleu, blanc et rose. L'atmosph\u00e8re est \u00e0 la fois intime et dynamique, refl\u00e9tant une technique gestuelle et spontan\u00e9e.&quot;\" width=\"225\" height=\"300\" \/><figcaption id=\"caption-attachment-1462\" class=\"wp-caption-text\">80 x 60 &#8211; huile au couteau sur toile \u00ab\u00a0\u0153uvre originale\u00a0\u00bb de Patricia Perrier<\/figcaption><\/figure>\n<figure id=\"attachment_1760\" aria-describedby=\"caption-attachment-1760\" style=\"width: 225px\" class=\"wp-caption alignnone\"><img decoding=\"async\" class=\"size-medium wp-image-1760\" src=\"https:\/\/www.patapom.fr\/wp-content\/uploads\/2025\/11\/Lheure-suspendue-.bd_-225x300.jpg\" alt=\"\" width=\"225\" height=\"300\" srcset=\"https:\/\/www.patapom.fr\/wp-content\/uploads\/2025\/11\/Lheure-suspendue-.bd_-225x300.jpg 225w, https:\/\/www.patapom.fr\/wp-content\/uploads\/2025\/11\/Lheure-suspendue-.bd_-9x12.jpg 9w, https:\/\/www.patapom.fr\/wp-content\/uploads\/2025\/11\/Lheure-suspendue-.bd_-600x800.jpg 600w, https:\/\/www.patapom.fr\/wp-content\/uploads\/2025\/11\/Lheure-suspendue-.bd_.jpg 768w\" sizes=\"(max-width: 225px) 100vw, 225px\" \/><figcaption id=\"caption-attachment-1760\" class=\"wp-caption-text\">80 x 60 &#8211; huile au couteau sur toile \u00ab\u00a0\u0153uvre originale\u00a0\u00bb de Patricia Perrier<\/figcaption><\/figure>","protected":false},"excerpt":{"rendered":"","protected":false},"featured_media":1760,"template":"","meta":{"_acf_changed":false},"product_brand":[],"product_cat":[80],"product_tag":[],"class_list":{"0":"post-1471","1":"product","2":"type-product","3":"status-publish","4":"has-post-thumbnail","6":"product_cat-personnages","8":"first","9":"instock","10":"taxable","11":"shipping-taxable","12":"purchasable","13":"product-type-variable"},"acf":[],"_links":{"self":[{"href":"https:\/\/www.patapom.fr\/en\/wp-json\/wp\/v2\/product\/1471","targetHints":{"allow":["GET"]}}],"collection":[{"href":"https:\/\/www.patapom.fr\/en\/wp-json\/wp\/v2\/product"}],"about":[{"href":"https:\/\/www.patapom.fr\/en\/wp-json\/wp\/v2\/types\/product"}],"wp:featuredmedia":[{"embeddable":true,"href":"https:\/\/www.patapom.fr\/en\/wp-json\/wp\/v2\/media\/1760"}],"wp:attachment":[{"href":"https:\/\/www.patapom.fr\/en\/wp-json\/wp\/v2\/media?parent=1471"}],"wp:term":[{"taxonomy":"product_brand","embeddable":true,"href":"https:\/\/www.patapom.fr\/en\/wp-json\/wp\/v2\/product_brand?post=1471"},{"taxonomy":"product_cat","embeddable":true,"href":"https:\/\/www.patapom.fr\/en\/wp-json\/wp\/v2\/product_cat?post=1471"},{"taxonomy":"product_tag","embeddable":true,"href":"https:\/\/www.patapom.fr\/en\/wp-json\/wp\/v2\/product_tag?post=1471"}],"curies":[{"name":"wp","href":"https:\/\/api.w.org\/{rel}","templated":true}]}}