{"id":46,"date":"2025-05-10T11:32:52","date_gmt":"2025-05-10T09:32:52","guid":{"rendered":"https:\/\/dev-wp.patapom.fr\/?page_id=46"},"modified":"2025-07-16T14:09:56","modified_gmt":"2025-07-16T12:09:56","slug":"accueil","status":"publish","type":"page","link":"https:\/\/www.patapom.fr\/en\/","title":{"rendered":"Welcome"},"content":{"rendered":"\t\t<div data-elementor-type=\"wp-page\" data-elementor-id=\"46\" class=\"elementor elementor-46\" data-elementor-post-type=\"page\">\n\t\t\t\t<div class=\"elementor-element elementor-element-984655a e-con-full e-flex e-con e-parent\" data-id=\"984655a\" data-element_type=\"container\" data-e-type=\"container\" data-settings=\"{&quot;background_background&quot;:&quot;classic&quot;,&quot;position&quot;:&quot;fixed&quot;}\">\n\t\t\t\t<\/div>\n\t\t<div class=\"elementor-element elementor-element-f532c9f e-flex e-con-boxed e-con e-parent\" data-id=\"f532c9f\" data-element_type=\"container\" data-e-type=\"container\">\n\t\t\t\t\t<div class=\"e-con-inner\">\n\t\t\t\t<div class=\"elementor-element elementor-element-31bd1fd elementor-widget elementor-widget-heading\" data-id=\"31bd1fd\" data-element_type=\"widget\" data-e-type=\"widget\" data-widget_type=\"heading.default\">\n\t\t\t\t<div class=\"elementor-widget-container\">\n\t\t\t\t\t<h1 class=\"elementor-heading-title elementor-size-default\">Bienvenue sur le site de Patricia Perrier, artiste peintre<\/h1>\t\t\t\t<\/div>\n\t\t\t\t<\/div>\n\t\t\t\t<div class=\"elementor-element elementor-element-9ef48cf elementor-widget elementor-widget-text-editor\" data-id=\"9ef48cf\" data-element_type=\"widget\" data-e-type=\"widget\" data-widget_type=\"text-editor.default\">\n\t\t\t\t<div class=\"elementor-widget-container\">\n\t\t\t\t\t\t\t\t\t<p>Native d\u2019un petit village des Monts du Lyonnais, Patricia Perrier\u2011Radix est n\u00e9e en 1962. Elle dessine depuis toujours, se formant en autodidacte, avant de d\u00e9velopper un style tr\u00e8s contemporain, parfois abstrait, \u00e0 l\u2019huile au couteau, o\u00f9 les compositions figuratives laissent place \u00e0 l\u2019\u00e9motion :contentReference[oaicite:1]{index=1}.<\/p><p>Elle explore les personnages, les instants fugaces et la gr\u00e2ce du geste, capturant les \u00e9motions dans des superpositions de couleurs lumineuses et d\u2019effets de transparence. Sa peinture devient un langage sensible, presque m\u00e9ditatif :contentReference[oaicite:2]{index=2}.<\/p><p>Patricia expose r\u00e9guli\u00e8rement en France et \u00e0 l\u2019\u00e9tranger, notamment en galerie \u00e0 Lyon, Oakville (Canada), Mexico, et lors d\u2019expositions collectives ou salons d\u2019art. Ses \u0153uvres figurent dans des collections priv\u00e9es en Europe, aux \u00c9tats\u2011Unis, au Moyen\u2011Orient et en Oc\u00e9anie :contentReference[oaicite:3]{index=3}.<\/p>\t\t\t\t\t\t\t\t<\/div>\n\t\t\t\t<\/div>\n\t\t\t\t\t<\/div>\n\t\t\t\t<\/div>\n\t\t\t\t<\/div>\n\t\t","protected":false},"excerpt":{"rendered":"<p>Bienvenue sur le site de Patricia Perrier, artiste peintre Native d\u2019un petit village des Monts du Lyonnais, Patricia Perrier\u2011Radix est n\u00e9e en 1962. Elle dessine depuis toujours, se formant en autodidacte, avant de d\u00e9velopper un style tr\u00e8s contemporain, parfois abstrait, \u00e0 l\u2019huile au couteau, o\u00f9 les compositions figuratives laissent place \u00e0 l\u2019\u00e9motion :contentReference[oaicite:1]{index=1}. Elle explore [&hellip;]<\/p>\n","protected":false},"author":1,"featured_media":0,"parent":0,"menu_order":0,"comment_status":"closed","ping_status":"closed","template":"","meta":{"_acf_changed":false,"footnotes":""},"class_list":["post-46","page","type-page","status-publish","hentry"],"acf":[],"_links":{"self":[{"href":"https:\/\/www.patapom.fr\/en\/wp-json\/wp\/v2\/pages\/46","targetHints":{"allow":["GET"]}}],"collection":[{"href":"https:\/\/www.patapom.fr\/en\/wp-json\/wp\/v2\/pages"}],"about":[{"href":"https:\/\/www.patapom.fr\/en\/wp-json\/wp\/v2\/types\/page"}],"author":[{"embeddable":true,"href":"https:\/\/www.patapom.fr\/en\/wp-json\/wp\/v2\/users\/1"}],"replies":[{"embeddable":true,"href":"https:\/\/www.patapom.fr\/en\/wp-json\/wp\/v2\/comments?post=46"}],"version-history":[{"count":0,"href":"https:\/\/www.patapom.fr\/en\/wp-json\/wp\/v2\/pages\/46\/revisions"}],"wp:attachment":[{"href":"https:\/\/www.patapom.fr\/en\/wp-json\/wp\/v2\/media?parent=46"}],"curies":[{"name":"wp","href":"https:\/\/api.w.org\/{rel}","templated":true}]}}