{"id":3,"date":"2025-03-25T10:24:40","date_gmt":"2025-03-25T09:24:40","guid":{"rendered":"https:\/\/dev-wp.patapom.fr\/?page_id=3"},"modified":"2026-01-09T17:30:47","modified_gmt":"2026-01-09T16:30:47","slug":"mentions-legales","status":"publish","type":"page","link":"https:\/\/www.patapom.fr\/en\/mentions-legales\/","title":{"rendered":"Legal Notice &amp; Privacy Policy"},"content":{"rendered":"<div data-elementor-type=\"wp-page\" data-elementor-id=\"3\" class=\"elementor elementor-3\" data-elementor-post-type=\"page\">\n\t\t\t\t<div class=\"elementor-element elementor-element-60374a61 e-flex e-con-boxed e-con e-parent\" data-id=\"60374a61\" data-element_type=\"container\" data-e-type=\"container\">\n\t\t\t\t\t<div class=\"e-con-inner\">\n\t\t\t\t<div class=\"elementor-element elementor-element-efb8497 elementor-widget elementor-widget-spacer\" data-id=\"efb8497\" data-element_type=\"widget\" data-e-type=\"widget\" data-widget_type=\"spacer.default\">\n\t\t\t\t<div class=\"elementor-widget-container\">\n\t\t\t\t\t\t\t<div class=\"elementor-spacer\">\n\t\t\t<div class=\"elementor-spacer-inner\"><\/div>\n\t\t<\/div>\n\t\t\t\t\t\t<\/div>\n\t\t\t\t<\/div>\n\t\t\t\t<div class=\"elementor-element elementor-element-234280fc elementor-widget elementor-widget-text-editor\" data-id=\"234280fc\" data-element_type=\"widget\" data-e-type=\"widget\" data-widget_type=\"text-editor.default\">\n\t\t\t\t<div class=\"elementor-widget-container\">\n\t\t\t\t\t\t\t\t\t<h1 data-start=\"193\" data-end=\"480\">Legal Notice<\/h1><p data-start=\"193\" data-end=\"480\"><strong data-start=\"193\" data-end=\"212\">Website Publisher<\/strong><br data-start=\"212\" data-end=\"215\" \/>Trade name: Patricia Perrier \u2013 Painter<br data-start=\"266\" data-end=\"269\" \/>Sole proprietorship: RADIX Patricia<br data-start=\"309\" data-end=\"312\" \/>SIRET : 50143668700021<br data-start=\"337\" data-end=\"340\" \/>Address: 5 chemin du Planil, 69510 Yzeron, France<br data-start=\"387\" data-end=\"390\" \/>Email : <a rel=\"noopener\" data-start=\"398\" data-end=\"425\">patricia.perrier@patapom.fr<\/a><br data-start=\"425\" data-end=\"428\" \/>Publication manager: Ms. Patricia Perrier<\/p><p data-start=\"482\" data-end=\"710\"><strong data-start=\"482\" data-end=\"497\">Hosting<\/strong><br data-start=\"497\" data-end=\"500\" \/>Host: OVH<br data-start=\"515\" data-end=\"518\" \/>SAS with capital of \u20ac10,069,020<br data-start=\"548\" data-end=\"551\" \/>RCS Lille M\u00e9tropole 424 761 419 00045<br data-start=\"588\" data-end=\"591\" \/>Head office: 2 rue Kellermann \u2013 59100 Roubaix \u2013 France<br data-start=\"647\" data-end=\"650\" \/>Phone: 1007<br data-start=\"666\" data-end=\"669\" \/>Site : <a href=\"https:\/\/www.ovh.com\" target=\"_new\" rel=\"noopener\" data-start=\"676\" data-end=\"710\">Website: www.ovh.com<\/a><\/p><p data-start=\"712\" data-end=\"966\"><strong data-start=\"712\" data-end=\"740\">Intellectual Property<\/strong><br data-start=\"740\" data-end=\"743\" \/>All content on this website (artworks, texts, images, etc.) is the exclusive property of Patricia Perrier. Any reproduction, representation, or use without prior authorization is strictly prohibited.<\/p><h1 data-start=\"712\" data-end=\"966\">Privacy Policy<\/h1><p data-start=\"2831\" data-end=\"2905\"><strong data-start=\"2831\" data-end=\"2853\">Data Collected<\/strong><\/p><p data-start=\"1298\" data-end=\"1345\">Contact form (name, email, message)<\/p><ul data-start=\"1347\" data-end=\"1621\"><li data-start=\"1347\" data-end=\"1404\"><p data-start=\"1349\" data-end=\"1404\">le formulaire de contact (nom, adresse email, message),<\/p><\/li><li data-start=\"1405\" data-end=\"1437\"><p data-start=\"1407\" data-end=\"1437\">l\u2019inscription \u00e0 la newsletter,<\/p><\/li><li data-start=\"1438\" data-end=\"1541\"><p data-start=\"1440\" data-end=\"1541\">les commandes pass\u00e9es sur le site (nom, adresse, email, informations de facturation et de livraison),<\/p><\/li><li data-start=\"1542\" data-end=\"1621\"><p data-start=\"1544\" data-end=\"1621\">un outil de mesure d\u2019audience respectueux de la vie priv\u00e9e (voir ci-dessous).<\/p><\/li><\/ul><p data-start=\"3077\" data-end=\"3139\"><strong data-start=\"3077\" data-end=\"3090\">Purpose<\/strong><\/p><p data-start=\"1653\" data-end=\"1700\">Les donn\u00e9es sont utilis\u00e9es exclusivement pour :<\/p><ul data-start=\"1702\" data-end=\"1941\"><li data-start=\"1702\" data-end=\"1763\"><p data-start=\"1704\" data-end=\"1763\">r\u00e9pondre aux messages envoy\u00e9s via le formulaire de contact,<\/p><\/li><li data-start=\"1764\" data-end=\"1812\"><p data-start=\"1766\" data-end=\"1812\">envoyer la newsletter aux personnes inscrites,<\/p><\/li><li data-start=\"1813\" data-end=\"1873\"><p data-start=\"1815\" data-end=\"1873\">g\u00e9rer les commandes, la facturation et la relation client,<\/p><\/li><li data-start=\"1874\" data-end=\"1941\"><p data-start=\"1876\" data-end=\"1941\">mesurer l\u2019audience du site afin d\u2019en am\u00e9liorer le fonctionnement.<\/p><\/li><\/ul><p data-start=\"3237\" data-end=\"3318\"><strong data-start=\"3237\" data-end=\"3252\">Legal Basis<\/strong><\/p><p data-start=\"1961\" data-end=\"1995\">Le traitement des donn\u00e9es repose :<\/p><ul data-start=\"1996\" data-end=\"2194\"><li data-start=\"1996\" data-end=\"2065\"><p data-start=\"1998\" data-end=\"2065\">soit sur le consentement de l\u2019utilisateur (formulaire, newsletter),<\/p><\/li><li data-start=\"2066\" data-end=\"2114\"><p data-start=\"2068\" data-end=\"2114\">soit sur l\u2019ex\u00e9cution d\u2019un contrat (commandes),<\/p><\/li><li data-start=\"2115\" data-end=\"2194\"><p data-start=\"2117\" data-end=\"2194\">soit sur l\u2019int\u00e9r\u00eat l\u00e9gitime du responsable du site pour la mesure d\u2019audience.<\/p><\/li><\/ul><p data-start=\"3320\" data-end=\"3449\"><strong data-start=\"3320\" data-end=\"3345\">Retention Period<\/strong><br data-start=\"3345\" data-end=\"3348\" \/>Les donn\u00e9es sont conserv\u00e9es pendant la dur\u00e9e strictement n\u00e9cessaire aux finalit\u00e9s pour lesquelles elles ont \u00e9t\u00e9 collect\u00e9es, ou jusqu\u2019\u00e0 demande de suppression de la part de l\u2019utilisateur.<\/p><p data-start=\"3451\" data-end=\"3577\"><strong data-start=\"3451\" data-end=\"3468\">Recipients<\/strong><br data-start=\"3468\" data-end=\"3471\" \/>Les donn\u00e9es sont trait\u00e9es uniquement par Patricia Perrier.<br data-start=\"2502\" data-end=\"2505\" \/>Elles ne sont ni vendues, ni c\u00e9d\u00e9es \u00e0 des tiers.<\/p><p data-start=\"3579\" data-end=\"3772\"><strong data-start=\"3579\" data-end=\"3593\">Your Rights<\/strong><br data-start=\"3593\" data-end=\"3596\" \/>Conform\u00e9ment au R\u00e8glement G\u00e9n\u00e9ral sur la Protection des Donn\u00e9es (RGPD), vous disposez d\u2019un droit d\u2019acc\u00e8s, de rectification, d\u2019opposition et de suppression de vos donn\u00e9es.<br data-start=\"3716\" data-end=\"3719\" \/>To exercise these rights: patricia.perrier@patapom.fr <a rel=\"noopener\" data-start=\"3745\" data-end=\"3772\">patricia.perrier@patapom.fr<\/a><\/p><h1 data-start=\"3579\" data-end=\"3772\">Cookie Policy<\/h1><p data-start=\"247\" data-end=\"278\"><strong>What is a cookie?<br \/><\/strong>Un cookie est un petit fichier texte enregistr\u00e9 sur votre appareil (ordinateur, tablette ou smartphone) lors de la consultation d\u2019un site internet. Il permet notamment d\u2019assurer le bon fonctionnement du site ou de m\u00e9moriser une session.<\/p><p data-start=\"583\" data-end=\"625\"><strong>Use of Cookies on This Site<\/strong><\/p><p data-start=\"3148\" data-end=\"3260\">Le site patapom.fr utilise uniquement des cookies strictement n\u00e9cessaires \u00e0 son fonctionnement, notamment pour :<\/p><ul data-start=\"3262\" data-end=\"3391\"><li data-start=\"3262\" data-end=\"3321\"><p data-start=\"3264\" data-end=\"3321\">le fonctionnement du panier et du paiement (WooCommerce),<\/p><\/li><li data-start=\"3322\" data-end=\"3368\"><p data-start=\"3324\" data-end=\"3368\">la gestion de session lors de la navigation,<\/p><\/li><li data-start=\"3369\" data-end=\"3391\"><p data-start=\"3371\" data-end=\"3391\">la s\u00e9curit\u00e9 du site.<\/p><\/li><\/ul><p data-start=\"3393\" data-end=\"3555\">Ces cookies sont exempt\u00e9s de consentement conform\u00e9ment \u00e0 la r\u00e9glementation en vigueur (article 82 de la loi Informatique et Libert\u00e9s, recommandations de la CNIL).<\/p><p data-start=\"1031\" data-end=\"1051\"><strong>Mesure d&rsquo;audience<br \/><\/strong>Ce site utilise <strong data-start=\"3597\" data-end=\"3617\">Matomo Analytics<\/strong>, un outil de mesure d\u2019audience <strong data-start=\"3649\" data-end=\"3675\">configur\u00e9 sans cookies<\/strong> et avec <strong data-start=\"3684\" data-end=\"3717\">anonymisation des adresses IP<\/strong>.<\/p><p data-start=\"3720\" data-end=\"3746\">Dans cette configuration :<\/p><ul data-start=\"3747\" data-end=\"3910\"><li data-start=\"3747\" data-end=\"3784\"><p data-start=\"3749\" data-end=\"3784\">aucun cookie de suivi n\u2019est d\u00e9pos\u00e9,<\/p><\/li><li data-start=\"3785\" data-end=\"3841\"><p data-start=\"3787\" data-end=\"3841\">aucune donn\u00e9e n\u2019est utilis\u00e9e \u00e0 des fins publicitaires,<\/p><\/li><li data-start=\"3842\" data-end=\"3910\"><p data-start=\"3844\" data-end=\"3910\">aucune donn\u00e9e n\u2019est transmise \u00e0 des tiers \u00e0 des fins commerciales.<\/p><\/li><\/ul><p data-start=\"3912\" data-end=\"4020\"><a href=\"https:\/\/www.cnil.fr\/fr\/solutions-pour-les-cookies-de-mesure-daudience\" target=\"_blank\" rel=\"noopener\">Conform\u00e9ment aux recommandations de la CNIL, ce dispositif de mesure d\u2019audience est exempt\u00e9 de consentement.<\/a><\/p><p data-start=\"1190\" data-end=\"1216\"><strong>Third-Party Cookies<br \/><\/strong>Aucun cookie publicitaire ni de tra\u00e7age marketing n\u2019est utilis\u00e9 sur ce site.<\/p><p data-start=\"1767\" data-end=\"1781\"><strong>Managing Cookies<br \/><\/strong><\/p><p data-start=\"4246\" data-end=\"4338\">Vous pouvez \u00e0 tout moment configurer votre navigateur pour bloquer ou supprimer les cookies.<\/p><p data-start=\"4340\" data-end=\"4487\">Attention : le blocage des cookies strictement n\u00e9cessaires peut emp\u00eacher le bon fonctionnement du site (par exemple l\u2019ajout de produits au panier).<\/p>\t\t\t\t\t\t\t\t<\/div>\n\t\t\t\t<\/div>\n\t\t\t\t\t<\/div>\n\t\t\t\t<\/div>\n\t\t\t\t<\/div>","protected":false},"excerpt":{"rendered":"<p>Mentions l\u00e9gales \u00c9diteur du siteNom commercial : Patricia Perrier \u2013 Artiste peintreEntreprise individuelle : RADIX PatriciaSIRET : 50143668700021Adresse : 5 chemin du planil 69510 YzeronEmail : patricia.perrier@patapom.frResponsable de la publication : Mme Patricia Perrier H\u00e9bergementH\u00e9bergeur : OVHSAS au capital de 10 069 020 \u20acRCS Lille M\u00e9tropole 424 761 419 00045Si\u00e8ge social : 2 rue Kellermann [&hellip;]<\/p>\n","protected":false},"author":1,"featured_media":0,"parent":0,"menu_order":0,"comment_status":"closed","ping_status":"open","template":"","meta":{"_acf_changed":false,"footnotes":""},"class_list":["post-3","page","type-page","status-publish","hentry"],"acf":[],"_links":{"self":[{"href":"https:\/\/www.patapom.fr\/en\/wp-json\/wp\/v2\/pages\/3","targetHints":{"allow":["GET"]}}],"collection":[{"href":"https:\/\/www.patapom.fr\/en\/wp-json\/wp\/v2\/pages"}],"about":[{"href":"https:\/\/www.patapom.fr\/en\/wp-json\/wp\/v2\/types\/page"}],"author":[{"embeddable":true,"href":"https:\/\/www.patapom.fr\/en\/wp-json\/wp\/v2\/users\/1"}],"replies":[{"embeddable":true,"href":"https:\/\/www.patapom.fr\/en\/wp-json\/wp\/v2\/comments?post=3"}],"version-history":[{"count":3,"href":"https:\/\/www.patapom.fr\/en\/wp-json\/wp\/v2\/pages\/3\/revisions"}],"predecessor-version":[{"id":1879,"href":"https:\/\/www.patapom.fr\/en\/wp-json\/wp\/v2\/pages\/3\/revisions\/1879"}],"wp:attachment":[{"href":"https:\/\/www.patapom.fr\/en\/wp-json\/wp\/v2\/media?parent=3"}],"curies":[{"name":"wp","href":"https:\/\/api.w.org\/{rel}","templated":true}]}}