{"id":12,"date":"2025-03-25T15:12:04","date_gmt":"2025-03-25T14:12:04","guid":{"rendered":"https:\/\/dev-wp.patapom.fr\/?page_id=12"},"modified":"2025-06-30T09:56:20","modified_gmt":"2025-06-30T07:56:20","slug":"cgv","status":"publish","type":"page","link":"https:\/\/www.patapom.fr\/en\/cgv\/","title":{"rendered":"Terms and Conditions"},"content":{"rendered":"\t\t<div data-elementor-type=\"wp-page\" data-elementor-id=\"12\" class=\"elementor elementor-12\" data-elementor-post-type=\"page\">\n\t\t\t\t<div class=\"elementor-element elementor-element-536f4407 e-flex e-con-boxed e-con e-parent\" data-id=\"536f4407\" data-element_type=\"container\" data-e-type=\"container\">\n\t\t\t\t\t<div class=\"e-con-inner\">\n\t\t\t\t<div class=\"elementor-element elementor-element-44b2c49 elementor-widget elementor-widget-spacer\" data-id=\"44b2c49\" data-element_type=\"widget\" data-e-type=\"widget\" data-widget_type=\"spacer.default\">\n\t\t\t\t<div class=\"elementor-widget-container\">\n\t\t\t\t\t\t\t<div class=\"elementor-spacer\">\n\t\t\t<div class=\"elementor-spacer-inner\"><\/div>\n\t\t<\/div>\n\t\t\t\t\t\t<\/div>\n\t\t\t\t<\/div>\n\t\t\t\t<div class=\"elementor-element elementor-element-38520b3f elementor-widget elementor-widget-text-editor\" data-id=\"38520b3f\" data-element_type=\"widget\" data-e-type=\"widget\" data-widget_type=\"text-editor.default\">\n\t\t\t\t<div class=\"elementor-widget-container\">\n\t\t\t\t\t\t\t\t\t<h1 data-start=\"1023\" data-end=\"1228\">Conditions G\u00e9n\u00e9rales de Vente<\/h1><p data-start=\"1023\" data-end=\"1228\"><strong data-start=\"1023\" data-end=\"1036\">Pr\u00e9ambule<\/strong><br data-start=\"1036\" data-end=\"1039\" \/>Les pr\u00e9sentes conditions r\u00e9gissent les ventes r\u00e9alis\u00e9es sur le site [<a class=\"\" href=\"http:\/\/www.patapom.fr\" target=\"_new\" rel=\"noopener\">www.patapom.fr<\/a>] entre l\u2019artiste Patricia Perrier (vendeuse) et toute personne (client) proc\u00e9dant \u00e0 un achat via le site.<\/p><p data-start=\"1230\" data-end=\"1471\"><strong data-start=\"1230\" data-end=\"1245\">1. Produits<\/strong><br data-start=\"1245\" data-end=\"1248\" \/>Les produits propos\u00e9s sont des \u0153uvres originales ou des reproductions d\u2019art. Chaque fiche produit pr\u00e9sente une description d\u00e9taill\u00e9e. Les photos sont les plus fid\u00e8les possible, mais peuvent pr\u00e9senter de l\u00e9g\u00e8res diff\u00e9rences.<\/p><p data-start=\"1473\" data-end=\"1637\"><strong data-start=\"1473\" data-end=\"1484\">2. Prix<\/strong><br data-start=\"1484\" data-end=\"1487\" \/>Les prix sont indiqu\u00e9s en euros TTC (TVA applicable de 5,5%). Les frais de livraison sont offerts.<\/p><p data-start=\"1639\" data-end=\"1757\"><strong data-start=\"1639\" data-end=\"1654\">3. Commande<\/strong><br data-start=\"1654\" data-end=\"1657\" \/>La commande est confirm\u00e9e apr\u00e8s validation du paiement. L\u2019acheteur re\u00e7oit un e-mail de confirmation.<\/p><p data-start=\"1759\" data-end=\"1864\"><strong data-start=\"1759\" data-end=\"1774\">4. Paiement<\/strong><br data-start=\"1774\" data-end=\"1777\" \/>Les paiements sont s\u00e9curis\u00e9s via MyPos.<\/p><p data-start=\"1866\" data-end=\"2091\"><strong data-start=\"1866\" data-end=\"1882\">5. Livraison<\/strong><br data-start=\"1882\" data-end=\"1885\" \/>Les commandes sont exp\u00e9di\u00e9es sous 5 \u00e0 15 jours ouvr\u00e9s, sauf indication contraire et, pour les reproductions, sauf p\u00e9riode de vacances des imprimeurs qui ont alors des d\u00e9lais plus longs. Les d\u00e9lais peuvent varier selon la destination. L\u2019artiste ne peut \u00eatre tenue responsable des retards li\u00e9s aux transporteurs.<\/p><p data-start=\"2093\" data-end=\"2283\"><strong data-start=\"2093\" data-end=\"2121\">6. Droit de r\u00e9tractation<\/strong><br data-start=\"2121\" data-end=\"2124\" \/>Le client dispose d\u2019un d\u00e9lai de 14 jours \u00e0 compter de la r\u00e9ception pour exercer son droit de r\u00e9tractation, sauf pour les \u0153uvres personnalis\u00e9es ou sur commande.<\/p><p data-start=\"2285\" data-end=\"2480\"><strong data-start=\"2285\" data-end=\"2299\">7. Retours<\/strong><br data-start=\"2299\" data-end=\"2302\" \/>Si vous \u00eates d\u00e9\u00e7u \u00e0 la r\u00e9ception d&rsquo;une oeuvre originale, nous offrons au client les frais de retour (ce n&rsquo;est encore jamais arriv\u00e9 mais on ne sait jamais !). Les frais de retour des reproductions sont \u00e0 la charge du client. L\u2019\u0153uvre doit \u00eatre renvoy\u00e9e dans son \u00e9tat d\u2019origine. Le remboursement est effectu\u00e9 sous 14 jours apr\u00e8s r\u00e9ception.<\/p><p data-start=\"2482\" data-end=\"2649\"><strong data-start=\"2482\" data-end=\"2509\">8. Donn\u00e9es personnelles<\/strong><br data-start=\"2509\" data-end=\"2512\" \/>Les donn\u00e9es collect\u00e9es sont utilis\u00e9es uniquement dans le cadre de la commande ou de la relation client. Cf. Politique de confidentialit\u00e9.<\/p><p data-start=\"2651\" data-end=\"2781\"><strong data-start=\"2651\" data-end=\"2665\">9. Litiges<\/strong><br data-start=\"2665\" data-end=\"2668\" \/>En cas de litige, une solution amiable sera recherch\u00e9e. \u00c0 d\u00e9faut, les tribunaux fran\u00e7ais seront seuls comp\u00e9tents.<\/p>\t\t\t\t\t\t\t\t<\/div>\n\t\t\t\t<\/div>\n\t\t\t\t\t<\/div>\n\t\t\t\t<\/div>\n\t\t\t\t<\/div>\n\t\t","protected":false},"excerpt":{"rendered":"<p>Conditions G\u00e9n\u00e9rales de Vente Pr\u00e9ambuleLes pr\u00e9sentes conditions r\u00e9gissent les ventes r\u00e9alis\u00e9es sur le site [www.patapom.fr] entre l\u2019artiste Patricia Perrier (vendeuse) et toute personne (client) proc\u00e9dant \u00e0 un achat via le site. 1. ProduitsLes produits propos\u00e9s sont des \u0153uvres originales ou des reproductions d\u2019art. Chaque fiche produit pr\u00e9sente une description d\u00e9taill\u00e9e. Les photos sont les plus [&hellip;]<\/p>\n","protected":false},"author":1,"featured_media":0,"parent":0,"menu_order":0,"comment_status":"closed","ping_status":"closed","template":"","meta":{"_acf_changed":false,"footnotes":""},"class_list":["post-12","page","type-page","status-publish","hentry"],"acf":[],"_links":{"self":[{"href":"https:\/\/www.patapom.fr\/en\/wp-json\/wp\/v2\/pages\/12","targetHints":{"allow":["GET"]}}],"collection":[{"href":"https:\/\/www.patapom.fr\/en\/wp-json\/wp\/v2\/pages"}],"about":[{"href":"https:\/\/www.patapom.fr\/en\/wp-json\/wp\/v2\/types\/page"}],"author":[{"embeddable":true,"href":"https:\/\/www.patapom.fr\/en\/wp-json\/wp\/v2\/users\/1"}],"replies":[{"embeddable":true,"href":"https:\/\/www.patapom.fr\/en\/wp-json\/wp\/v2\/comments?post=12"}],"version-history":[{"count":0,"href":"https:\/\/www.patapom.fr\/en\/wp-json\/wp\/v2\/pages\/12\/revisions"}],"wp:attachment":[{"href":"https:\/\/www.patapom.fr\/en\/wp-json\/wp\/v2\/media?parent=12"}],"curies":[{"name":"wp","href":"https:\/\/api.w.org\/{rel}","templated":true}]}}